{"id":3354,"date":"2025-09-09T12:31:53","date_gmt":"2025-09-09T17:31:53","guid":{"rendered":"https:\/\/dev-ec.com\/goa2025\/?post_type=product&#038;p=809"},"modified":"2026-04-21T12:23:38","modified_gmt":"2026-04-21T17:23:38","slug":"locion-anti-caida-unisex","status":"publish","type":"product","link":"https:\/\/goabotanica.com\/en\/product\/locion-anti-caida-unisex\/","title":{"rendered":"Loci\u00f3n Anti Ca\u00edda Unisex"},"content":{"rendered":"<p><span style=\"font-weight: 400;\">Es un tratamiento en spray que se aplica sobre el cuero <\/span><span style=\"font-weight: 400;\">cabelludo limpio. Estimula el crecimiento de un cabello m\u00e1s grueso y fuerte mejorando su densidad.\u00a0 <\/span><span style=\"font-weight: 400;\">Su textura ligera penetra en los fol\u00edculos, fortaleciendo la ra\u00edz.<\/span><\/p>","protected":false},"excerpt":{"rendered":"<p><span style=\"font-weight: 400;\">Estimula el crecimiento de un cabello m\u00e1s grueso<\/span><span style=\"font-weight: 400;\">.<\/span><\/p>","protected":false},"featured_media":4252,"template":"","meta":{"nf_dc_page":""},"product_brand":[],"product_cat":[30],"product_tag":[23],"class_list":{"0":"post-3354","1":"product","2":"type-product","3":"status-publish","4":"has-post-thumbnail","6":"product_cat-anti-caida","7":"product_tag-italiano","9":"first","10":"instock","11":"sale","12":"taxable","13":"shipping-taxable","14":"purchasable","15":"product-type-simple"},"yoast_head":"<!-- This site is optimized with the Yoast SEO plugin v27.4 - https:\/\/yoast.com\/product\/yoast-seo-wordpress\/ -->\n<title>Loci\u00f3n Anti Ca\u00edda Unisex - Goa Bot\u00e1nica<\/title>\n<meta name=\"robots\" content=\"index, follow, max-snippet:-1, max-image-preview:large, max-video-preview:-1\" \/>\n<link rel=\"canonical\" href=\"https:\/\/goabotanica.com\/en\/product\/locion-anti-caida-unisex\/\" \/>\n<meta property=\"og:locale\" content=\"en_US\" \/>\n<meta property=\"og:type\" content=\"article\" \/>\n<meta property=\"og:title\" content=\"Loci\u00f3n Anti Ca\u00edda Unisex - Goa Bot\u00e1nica\" \/>\n<meta property=\"og:description\" content=\"Estimula el crecimiento de un cabello m\u00e1s grueso.\" \/>\n<meta property=\"og:url\" content=\"https:\/\/goabotanica.com\/en\/product\/locion-anti-caida-unisex\/\" \/>\n<meta property=\"og:site_name\" content=\"Goa Bot\u00e1nica\" \/>\n<meta property=\"article:modified_time\" content=\"2026-04-21T17:23:38+00:00\" \/>\n<meta property=\"og:image\" content=\"https:\/\/goabotanica.com\/wp-content\/uploads\/2025\/09\/18-locion-anticaida.jpg\" \/>\n\t<meta property=\"og:image:width\" content=\"900\" \/>\n\t<meta property=\"og:image:height\" content=\"1000\" \/>\n\t<meta property=\"og:image:type\" content=\"image\/jpeg\" \/>\n<meta name=\"twitter:card\" content=\"summary_large_image\" \/>\n<meta name=\"twitter:label1\" content=\"Est. reading time\" \/>\n\t<meta name=\"twitter:data1\" content=\"1 minute\" \/>\n<script type=\"application\/ld+json\" class=\"yoast-schema-graph\">{\"@context\":\"https:\\\/\\\/schema.org\",\"@graph\":[{\"@type\":\"WebPage\",\"@id\":\"https:\\\/\\\/goabotanica.com\\\/producto\\\/locion-anti-caida-unisex\\\/\",\"url\":\"https:\\\/\\\/goabotanica.com\\\/producto\\\/locion-anti-caida-unisex\\\/\",\"name\":\"Loci\u00f3n Anti Ca\u00edda Unisex - Goa Bot\u00e1nica\",\"isPartOf\":{\"@id\":\"https:\\\/\\\/goabotanica.com\\\/#website\"},\"primaryImageOfPage\":{\"@id\":\"https:\\\/\\\/goabotanica.com\\\/producto\\\/locion-anti-caida-unisex\\\/#primaryimage\"},\"image\":{\"@id\":\"https:\\\/\\\/goabotanica.com\\\/producto\\\/locion-anti-caida-unisex\\\/#primaryimage\"},\"thumbnailUrl\":\"https:\\\/\\\/goabotanica.com\\\/wp-content\\\/uploads\\\/2025\\\/09\\\/18-locion-anticaida.jpg\",\"datePublished\":\"2025-09-09T17:31:53+00:00\",\"dateModified\":\"2026-04-21T17:23:38+00:00\",\"breadcrumb\":{\"@id\":\"https:\\\/\\\/goabotanica.com\\\/producto\\\/locion-anti-caida-unisex\\\/#breadcrumb\"},\"inLanguage\":\"en-US\",\"potentialAction\":[{\"@type\":\"ReadAction\",\"target\":[\"https:\\\/\\\/goabotanica.com\\\/producto\\\/locion-anti-caida-unisex\\\/\"]}]},{\"@type\":\"ImageObject\",\"inLanguage\":\"en-US\",\"@id\":\"https:\\\/\\\/goabotanica.com\\\/producto\\\/locion-anti-caida-unisex\\\/#primaryimage\",\"url\":\"https:\\\/\\\/goabotanica.com\\\/wp-content\\\/uploads\\\/2025\\\/09\\\/18-locion-anticaida.jpg\",\"contentUrl\":\"https:\\\/\\\/goabotanica.com\\\/wp-content\\\/uploads\\\/2025\\\/09\\\/18-locion-anticaida.jpg\",\"width\":900,\"height\":1000},{\"@type\":\"BreadcrumbList\",\"@id\":\"https:\\\/\\\/goabotanica.com\\\/producto\\\/locion-anti-caida-unisex\\\/#breadcrumb\",\"itemListElement\":[{\"@type\":\"ListItem\",\"position\":1,\"name\":\"Portada\",\"item\":\"https:\\\/\\\/goabotanica.com\\\/\"},{\"@type\":\"ListItem\",\"position\":2,\"name\":\"Tienda\",\"item\":\"https:\\\/\\\/goabotanica.com\\\/tienda\\\/\"},{\"@type\":\"ListItem\",\"position\":3,\"name\":\"Loci\u00f3n Anti Ca\u00edda Unisex\"}]},{\"@type\":\"WebSite\",\"@id\":\"https:\\\/\\\/goabotanica.com\\\/#website\",\"url\":\"https:\\\/\\\/goabotanica.com\\\/\",\"name\":\"Goa Bot\u00e1nica\",\"description\":\"Bienvenido al espacio equilibrado para tu cabello. Todos necesitamos un equilibrio para darle un mayor balance a nuestra vida, y GOA Bot\u00e1nica lleg\u00f3 para hacerlo posible. Sin tantos enredos.\",\"potentialAction\":[{\"@type\":\"SearchAction\",\"target\":{\"@type\":\"EntryPoint\",\"urlTemplate\":\"https:\\\/\\\/goabotanica.com\\\/?s={search_term_string}\"},\"query-input\":{\"@type\":\"PropertyValueSpecification\",\"valueRequired\":true,\"valueName\":\"search_term_string\"}}],\"inLanguage\":\"en-US\"}]}<\/script>\n<!-- \/ Yoast SEO plugin. -->","yoast_head_json":{"title":"Loci\u00f3n Anti Ca\u00edda Unisex - Goa Bot\u00e1nica","robots":{"index":"index","follow":"follow","max-snippet":"max-snippet:-1","max-image-preview":"max-image-preview:large","max-video-preview":"max-video-preview:-1"},"canonical":"https:\/\/goabotanica.com\/en\/product\/locion-anti-caida-unisex\/","og_locale":"en_US","og_type":"article","og_title":"Loci\u00f3n Anti Ca\u00edda Unisex - Goa Bot\u00e1nica","og_description":"Estimula el crecimiento de un cabello m\u00e1s grueso.","og_url":"https:\/\/goabotanica.com\/en\/product\/locion-anti-caida-unisex\/","og_site_name":"Goa Bot\u00e1nica","article_modified_time":"2026-04-21T17:23:38+00:00","og_image":[{"width":900,"height":1000,"url":"https:\/\/goabotanica.com\/wp-content\/uploads\/2025\/09\/18-locion-anticaida.jpg","type":"image\/jpeg"}],"twitter_card":"summary_large_image","twitter_misc":{"Est. reading time":"1 minute"},"schema":{"@context":"https:\/\/schema.org","@graph":[{"@type":"WebPage","@id":"https:\/\/goabotanica.com\/producto\/locion-anti-caida-unisex\/","url":"https:\/\/goabotanica.com\/producto\/locion-anti-caida-unisex\/","name":"Loci\u00f3n Anti Ca\u00edda Unisex - Goa Bot\u00e1nica","isPartOf":{"@id":"https:\/\/goabotanica.com\/#website"},"primaryImageOfPage":{"@id":"https:\/\/goabotanica.com\/producto\/locion-anti-caida-unisex\/#primaryimage"},"image":{"@id":"https:\/\/goabotanica.com\/producto\/locion-anti-caida-unisex\/#primaryimage"},"thumbnailUrl":"https:\/\/goabotanica.com\/wp-content\/uploads\/2025\/09\/18-locion-anticaida.jpg","datePublished":"2025-09-09T17:31:53+00:00","dateModified":"2026-04-21T17:23:38+00:00","breadcrumb":{"@id":"https:\/\/goabotanica.com\/producto\/locion-anti-caida-unisex\/#breadcrumb"},"inLanguage":"en-US","potentialAction":[{"@type":"ReadAction","target":["https:\/\/goabotanica.com\/producto\/locion-anti-caida-unisex\/"]}]},{"@type":"ImageObject","inLanguage":"en-US","@id":"https:\/\/goabotanica.com\/producto\/locion-anti-caida-unisex\/#primaryimage","url":"https:\/\/goabotanica.com\/wp-content\/uploads\/2025\/09\/18-locion-anticaida.jpg","contentUrl":"https:\/\/goabotanica.com\/wp-content\/uploads\/2025\/09\/18-locion-anticaida.jpg","width":900,"height":1000},{"@type":"BreadcrumbList","@id":"https:\/\/goabotanica.com\/producto\/locion-anti-caida-unisex\/#breadcrumb","itemListElement":[{"@type":"ListItem","position":1,"name":"Portada","item":"https:\/\/goabotanica.com\/"},{"@type":"ListItem","position":2,"name":"Tienda","item":"https:\/\/goabotanica.com\/tienda\/"},{"@type":"ListItem","position":3,"name":"Loci\u00f3n Anti Ca\u00edda Unisex"}]},{"@type":"WebSite","@id":"https:\/\/goabotanica.com\/#website","url":"https:\/\/goabotanica.com\/","name":"Goa Bot\u00e1nica","description":"Bienvenido al espacio equilibrado para tu cabello. Todos necesitamos un equilibrio para darle un mayor balance a nuestra vida, y GOA Bot\u00e1nica lleg\u00f3 para hacerlo posible. Sin tantos enredos.","potentialAction":[{"@type":"SearchAction","target":{"@type":"EntryPoint","urlTemplate":"https:\/\/goabotanica.com\/?s={search_term_string}"},"query-input":{"@type":"PropertyValueSpecification","valueRequired":true,"valueName":"search_term_string"}}],"inLanguage":"en-US"}]}},"_links":{"self":[{"href":"https:\/\/goabotanica.com\/en\/wp-json\/wp\/v2\/product\/3354","targetHints":{"allow":["GET"]}}],"collection":[{"href":"https:\/\/goabotanica.com\/en\/wp-json\/wp\/v2\/product"}],"about":[{"href":"https:\/\/goabotanica.com\/en\/wp-json\/wp\/v2\/types\/product"}],"wp:featuredmedia":[{"embeddable":true,"href":"https:\/\/goabotanica.com\/en\/wp-json\/wp\/v2\/media\/4252"}],"wp:attachment":[{"href":"https:\/\/goabotanica.com\/en\/wp-json\/wp\/v2\/media?parent=3354"}],"wp:term":[{"taxonomy":"product_brand","embeddable":true,"href":"https:\/\/goabotanica.com\/en\/wp-json\/wp\/v2\/product_brand?post=3354"},{"taxonomy":"product_cat","embeddable":true,"href":"https:\/\/goabotanica.com\/en\/wp-json\/wp\/v2\/product_cat?post=3354"},{"taxonomy":"product_tag","embeddable":true,"href":"https:\/\/goabotanica.com\/en\/wp-json\/wp\/v2\/product_tag?post=3354"}],"curies":[{"name":"wp","href":"https:\/\/api.w.org\/{rel}","templated":true}]}}