{"id":1120,"date":"2025-09-15T15:24:53","date_gmt":"2025-09-15T20:24:53","guid":{"rendered":"https:\/\/dev-ec.com\/goa2025\/?page_id=1120"},"modified":"2025-09-15T15:40:30","modified_gmt":"2025-09-15T20:40:30","slug":"manifiesto","status":"publish","type":"page","link":"https:\/\/goabotanica.com\/en\/manifiesto\/","title":{"rendered":"Manifiesto"},"content":{"rendered":"<div data-elementor-type=\"wp-page\" data-elementor-id=\"1120\" class=\"elementor elementor-1120\">\n\t\t\t\t\t\t<section class=\"elementor-section elementor-top-section elementor-element elementor-element-f7100e0 elementor-section-stretched elementor-section-full_width elementor-section-height-default elementor-section-height-default\" data-id=\"f7100e0\" data-element_type=\"section\" data-e-type=\"section\" data-settings=\"{&quot;stretch_section&quot;:&quot;section-stretched&quot;,&quot;background_background&quot;:&quot;classic&quot;}\">\n\t\t\t\t\t\t<div class=\"elementor-container elementor-column-gap-no\">\n\t\t\t\t\t<div class=\"elementor-column elementor-col-100 elementor-top-column elementor-element elementor-element-55038ef\" data-id=\"55038ef\" data-element_type=\"column\" data-e-type=\"column\">\n\t\t\t<div class=\"elementor-widget-wrap elementor-element-populated\">\n\t\t\t\t\t\t<div class=\"elementor-element elementor-element-f67332a elementor-widget elementor-widget-image\" data-id=\"f67332a\" data-element_type=\"widget\" data-e-type=\"widget\" data-widget_type=\"image.default\">\n\t\t\t\t\t\t\t\t\t\t\t\t\t\t\t<img loading=\"lazy\" decoding=\"async\" width=\"1920\" height=\"694\" src=\"https:\/\/goabotanica.com\/wp-content\/uploads\/2025\/09\/boceto-web-goa-manifesto.webp\" class=\"attachment-full size-full wp-image-1122\" alt=\"\" srcset=\"https:\/\/goabotanica.com\/wp-content\/uploads\/2025\/09\/boceto-web-goa-manifesto.webp 1920w, https:\/\/goabotanica.com\/wp-content\/uploads\/2025\/09\/boceto-web-goa-manifesto-300x108.webp 300w, https:\/\/goabotanica.com\/wp-content\/uploads\/2025\/09\/boceto-web-goa-manifesto-1024x370.webp 1024w, https:\/\/goabotanica.com\/wp-content\/uploads\/2025\/09\/boceto-web-goa-manifesto-768x278.webp 768w, https:\/\/goabotanica.com\/wp-content\/uploads\/2025\/09\/boceto-web-goa-manifesto-1536x555.webp 1536w, https:\/\/goabotanica.com\/wp-content\/uploads\/2025\/09\/boceto-web-goa-manifesto-600x217.webp 600w\" sizes=\"auto, (max-width: 1920px) 100vw, 1920px\" \/>\t\t\t\t\t\t\t\t\t\t\t\t\t\t\t<\/div>\n\t\t<div class=\"elementor-element elementor-element-ac25481 e-con-full e-flex e-con e-parent\" data-id=\"ac25481\" data-element_type=\"container\" data-e-type=\"container\" data-settings=\"{&quot;position&quot;:&quot;absolute&quot;}\">\n\t\t<div class=\"elementor-element elementor-element-8ed5d5a e-con-full e-flex e-con e-child\" data-id=\"8ed5d5a\" data-element_type=\"container\" data-e-type=\"container\">\n\t\t\t\t<\/div>\n\t\t<div class=\"elementor-element elementor-element-6f336a9 e-con-full e-flex e-con e-child\" data-id=\"6f336a9\" data-element_type=\"container\" data-e-type=\"container\">\n\t\t\t\t<div class=\"elementor-element elementor-element-d47f706 elementor-widget elementor-widget-heading\" data-id=\"d47f706\" data-element_type=\"widget\" data-e-type=\"widget\" data-widget_type=\"heading.default\">\n\t\t\t\t\t<h2 class=\"elementor-heading-title elementor-size-default\">La f\u00f3rmula<\/h2>\t\t\t\t<\/div>\n\t\t\t\t<div class=\"elementor-element elementor-element-9e40e84 elementor-widget elementor-widget-heading\" data-id=\"9e40e84\" data-element_type=\"widget\" data-e-type=\"widget\" data-widget_type=\"heading.default\">\n\t\t\t\t\t<h2 class=\"elementor-heading-title elementor-size-default\">compatible<\/h2>\t\t\t\t<\/div>\n\t\t\t\t<div class=\"elementor-element elementor-element-9367f13 elementor-widget elementor-widget-heading\" data-id=\"9367f13\" data-element_type=\"widget\" data-e-type=\"widget\" data-widget_type=\"heading.default\">\n\t\t\t\t\t<h2 class=\"elementor-heading-title elementor-size-default\">contigo<\/h2>\t\t\t\t<\/div>\n\t\t\t\t<\/div>\n\t\t\t\t<\/div>\n\t\t\t\t\t<\/div>\n\t\t<\/div>\n\t\t\t\t\t<\/div>\n\t\t<\/section>\n\t\t<div class=\"elementor-element elementor-element-13f553d e-flex e-con-boxed e-con e-parent\" data-id=\"13f553d\" data-element_type=\"container\" data-e-type=\"container\">\n\t\t\t\t\t<div class=\"e-con-inner\">\n\t\t\t\t<div class=\"elementor-element elementor-element-d6f4f88 elementor-widget elementor-widget-heading\" data-id=\"d6f4f88\" data-element_type=\"widget\" data-e-type=\"widget\" data-widget_type=\"heading.default\">\n\t\t\t\t\t<h2 class=\"elementor-heading-title elementor-size-default\">Cada persona tiene una f\u00f3rmula.<br>\nUna combinaci\u00f3n \u00fanica de pasiones, emociones, caos y calma.<\/h2>\t\t\t\t<\/div>\n\t\t\t\t<div class=\"elementor-element elementor-element-2200d73 elementor-widget elementor-widget-heading\" data-id=\"2200d73\" data-element_type=\"widget\" data-e-type=\"widget\" data-widget_type=\"heading.default\">\n\t\t\t\t\t<h2 class=\"elementor-heading-title elementor-size-default\">La f\u00f3rmula que te hace ser t\u00fa: irrepetible, aut\u00e9ntica y radiante por lo que eres.<br>\nEn un mundo lleno de f\u00f3rmulas, lo esencial es la compatibilidad: esas que acompa\u00f1an tus pasiones, tu estilo y tu ritmo.<\/h2>\t\t\t\t<\/div>\n\t\t\t\t<div class=\"elementor-element elementor-element-71456fd elementor-widget elementor-widget-heading\" data-id=\"71456fd\" data-element_type=\"widget\" data-e-type=\"widget\" data-widget_type=\"heading.default\">\n\t\t\t\t\t<h2 class=\"elementor-heading-title elementor-size-default\">En GOA no buscamos cambiarte ni imponer una rutina; queremos que siempre seas t\u00fa.<\/h2>\t\t\t\t<\/div>\n\t\t\t\t<div class=\"elementor-element elementor-element-0c97563 elementor-widget elementor-widget-heading\" data-id=\"0c97563\" data-element_type=\"widget\" data-e-type=\"widget\" data-widget_type=\"heading.default\">\n\t\t\t\t\t<h2 class=\"elementor-heading-title elementor-size-default\">Por eso,<\/h2>\t\t\t\t<\/div>\n\t\t\t\t<div class=\"elementor-element elementor-element-555b905 elementor-widget__width-initial elementor-widget-mobile__width-inherit elementor-widget elementor-widget-heading\" data-id=\"555b905\" data-element_type=\"widget\" data-e-type=\"widget\" data-widget_type=\"heading.default\">\n\t\t\t\t\t<h2 class=\"elementor-heading-title elementor-size-default\">GOA es la f\u00f3rmula que va contigo y tu cabello<\/h2>\t\t\t\t<\/div>\n\t\t\t\t\t<\/div>\n\t\t\t\t<\/div>\n\t\t\t\t<\/div>","protected":false},"excerpt":{"rendered":"<p>La f\u00f3rmula compatible contigo Cada persona tiene una f\u00f3rmula. Una combinaci\u00f3n \u00fanica de pasiones, emociones, caos y calma. La f\u00f3rmula que te hace ser t\u00fa: irrepetible, aut\u00e9ntica y radiante por lo que eres. En un mundo lleno de f\u00f3rmulas, lo esencial es la compatibilidad: esas que acompa\u00f1an tus pasiones, tu estilo y tu ritmo. En [&hellip;]<\/p>\n","protected":false},"author":1,"featured_media":0,"parent":0,"menu_order":0,"comment_status":"closed","ping_status":"closed","template":"elementor_header_footer","meta":{"nf_dc_page":"","footnotes":""},"class_list":["post-1120","page","type-page","status-publish","hentry"],"yoast_head":"<!-- This site is optimized with the Yoast SEO plugin v27.4 - https:\/\/yoast.com\/product\/yoast-seo-wordpress\/ -->\n<title>Manifiesto - Goa Bot\u00e1nica<\/title>\n<meta name=\"robots\" content=\"index, follow, max-snippet:-1, max-image-preview:large, max-video-preview:-1\" \/>\n<link rel=\"canonical\" href=\"https:\/\/goabotanica.com\/en\/manifiesto\/\" \/>\n<meta property=\"og:locale\" content=\"en_US\" \/>\n<meta property=\"og:type\" content=\"article\" \/>\n<meta property=\"og:title\" content=\"Manifiesto - Goa Bot\u00e1nica\" \/>\n<meta property=\"og:description\" content=\"La f\u00f3rmula compatible contigo Cada persona tiene una f\u00f3rmula. Una combinaci\u00f3n \u00fanica de pasiones, emociones, caos y calma. La f\u00f3rmula que te hace ser t\u00fa: irrepetible, aut\u00e9ntica y radiante por lo que eres. En un mundo lleno de f\u00f3rmulas, lo esencial es la compatibilidad: esas que acompa\u00f1an tus pasiones, tu estilo y tu ritmo. En [&hellip;]\" \/>\n<meta property=\"og:url\" content=\"https:\/\/goabotanica.com\/en\/manifiesto\/\" \/>\n<meta property=\"og:site_name\" content=\"Goa Bot\u00e1nica\" \/>\n<meta property=\"article:modified_time\" content=\"2025-09-15T20:40:30+00:00\" \/>\n<meta property=\"og:image\" content=\"https:\/\/dev-ec.com\/goa2025\/wp-content\/uploads\/2025\/09\/boceto-web-goa-manifesto.webp\" \/>\n<meta name=\"twitter:card\" content=\"summary_large_image\" \/>\n<meta name=\"twitter:label1\" content=\"Est. reading time\" \/>\n\t<meta name=\"twitter:data1\" content=\"1 minute\" \/>\n<script type=\"application\/ld+json\" class=\"yoast-schema-graph\">{\"@context\":\"https:\\\/\\\/schema.org\",\"@graph\":[{\"@type\":\"WebPage\",\"@id\":\"https:\\\/\\\/goabotanica.com\\\/en\\\/manifiesto\\\/\",\"url\":\"https:\\\/\\\/goabotanica.com\\\/en\\\/manifiesto\\\/\",\"name\":\"Manifiesto - Goa Bot\u00e1nica\",\"isPartOf\":{\"@id\":\"https:\\\/\\\/goabotanica.com\\\/#website\"},\"primaryImageOfPage\":{\"@id\":\"https:\\\/\\\/goabotanica.com\\\/en\\\/manifiesto\\\/#primaryimage\"},\"image\":{\"@id\":\"https:\\\/\\\/goabotanica.com\\\/en\\\/manifiesto\\\/#primaryimage\"},\"thumbnailUrl\":\"https:\\\/\\\/dev-ec.com\\\/goa2025\\\/wp-content\\\/uploads\\\/2025\\\/09\\\/boceto-web-goa-manifesto.webp\",\"datePublished\":\"2025-09-15T20:24:53+00:00\",\"dateModified\":\"2025-09-15T20:40:30+00:00\",\"breadcrumb\":{\"@id\":\"https:\\\/\\\/goabotanica.com\\\/en\\\/manifiesto\\\/#breadcrumb\"},\"inLanguage\":\"en-US\",\"potentialAction\":[{\"@type\":\"ReadAction\",\"target\":[\"https:\\\/\\\/goabotanica.com\\\/en\\\/manifiesto\\\/\"]}]},{\"@type\":\"ImageObject\",\"inLanguage\":\"en-US\",\"@id\":\"https:\\\/\\\/goabotanica.com\\\/en\\\/manifiesto\\\/#primaryimage\",\"url\":\"https:\\\/\\\/dev-ec.com\\\/goa2025\\\/wp-content\\\/uploads\\\/2025\\\/09\\\/boceto-web-goa-manifesto.webp\",\"contentUrl\":\"https:\\\/\\\/dev-ec.com\\\/goa2025\\\/wp-content\\\/uploads\\\/2025\\\/09\\\/boceto-web-goa-manifesto.webp\"},{\"@type\":\"BreadcrumbList\",\"@id\":\"https:\\\/\\\/goabotanica.com\\\/en\\\/manifiesto\\\/#breadcrumb\",\"itemListElement\":[{\"@type\":\"ListItem\",\"position\":1,\"name\":\"Portada\",\"item\":\"https:\\\/\\\/goabotanica.com\\\/\"},{\"@type\":\"ListItem\",\"position\":2,\"name\":\"Manifiesto\"}]},{\"@type\":\"WebSite\",\"@id\":\"https:\\\/\\\/goabotanica.com\\\/#website\",\"url\":\"https:\\\/\\\/goabotanica.com\\\/\",\"name\":\"Goa Bot\u00e1nica\",\"description\":\"Bienvenido al espacio equilibrado para tu cabello. Todos necesitamos un equilibrio para darle un mayor balance a nuestra vida, y GOA Bot\u00e1nica lleg\u00f3 para hacerlo posible. Sin tantos enredos.\",\"potentialAction\":[{\"@type\":\"SearchAction\",\"target\":{\"@type\":\"EntryPoint\",\"urlTemplate\":\"https:\\\/\\\/goabotanica.com\\\/?s={search_term_string}\"},\"query-input\":{\"@type\":\"PropertyValueSpecification\",\"valueRequired\":true,\"valueName\":\"search_term_string\"}}],\"inLanguage\":\"en-US\"}]}<\/script>\n<!-- \/ Yoast SEO plugin. -->","yoast_head_json":{"title":"Manifiesto - Goa Bot\u00e1nica","robots":{"index":"index","follow":"follow","max-snippet":"max-snippet:-1","max-image-preview":"max-image-preview:large","max-video-preview":"max-video-preview:-1"},"canonical":"https:\/\/goabotanica.com\/en\/manifiesto\/","og_locale":"en_US","og_type":"article","og_title":"Manifiesto - Goa Bot\u00e1nica","og_description":"La f\u00f3rmula compatible contigo Cada persona tiene una f\u00f3rmula. Una combinaci\u00f3n \u00fanica de pasiones, emociones, caos y calma. La f\u00f3rmula que te hace ser t\u00fa: irrepetible, aut\u00e9ntica y radiante por lo que eres. En un mundo lleno de f\u00f3rmulas, lo esencial es la compatibilidad: esas que acompa\u00f1an tus pasiones, tu estilo y tu ritmo. En [&hellip;]","og_url":"https:\/\/goabotanica.com\/en\/manifiesto\/","og_site_name":"Goa Bot\u00e1nica","article_modified_time":"2025-09-15T20:40:30+00:00","og_image":[{"url":"https:\/\/dev-ec.com\/goa2025\/wp-content\/uploads\/2025\/09\/boceto-web-goa-manifesto.webp","type":"","width":"","height":""}],"twitter_card":"summary_large_image","twitter_misc":{"Est. reading time":"1 minute"},"schema":{"@context":"https:\/\/schema.org","@graph":[{"@type":"WebPage","@id":"https:\/\/goabotanica.com\/en\/manifiesto\/","url":"https:\/\/goabotanica.com\/en\/manifiesto\/","name":"Manifiesto - Goa Bot\u00e1nica","isPartOf":{"@id":"https:\/\/goabotanica.com\/#website"},"primaryImageOfPage":{"@id":"https:\/\/goabotanica.com\/en\/manifiesto\/#primaryimage"},"image":{"@id":"https:\/\/goabotanica.com\/en\/manifiesto\/#primaryimage"},"thumbnailUrl":"https:\/\/dev-ec.com\/goa2025\/wp-content\/uploads\/2025\/09\/boceto-web-goa-manifesto.webp","datePublished":"2025-09-15T20:24:53+00:00","dateModified":"2025-09-15T20:40:30+00:00","breadcrumb":{"@id":"https:\/\/goabotanica.com\/en\/manifiesto\/#breadcrumb"},"inLanguage":"en-US","potentialAction":[{"@type":"ReadAction","target":["https:\/\/goabotanica.com\/en\/manifiesto\/"]}]},{"@type":"ImageObject","inLanguage":"en-US","@id":"https:\/\/goabotanica.com\/en\/manifiesto\/#primaryimage","url":"https:\/\/dev-ec.com\/goa2025\/wp-content\/uploads\/2025\/09\/boceto-web-goa-manifesto.webp","contentUrl":"https:\/\/dev-ec.com\/goa2025\/wp-content\/uploads\/2025\/09\/boceto-web-goa-manifesto.webp"},{"@type":"BreadcrumbList","@id":"https:\/\/goabotanica.com\/en\/manifiesto\/#breadcrumb","itemListElement":[{"@type":"ListItem","position":1,"name":"Portada","item":"https:\/\/goabotanica.com\/"},{"@type":"ListItem","position":2,"name":"Manifiesto"}]},{"@type":"WebSite","@id":"https:\/\/goabotanica.com\/#website","url":"https:\/\/goabotanica.com\/","name":"Goa Bot\u00e1nica","description":"Bienvenido al espacio equilibrado para tu cabello. Todos necesitamos un equilibrio para darle un mayor balance a nuestra vida, y GOA Bot\u00e1nica lleg\u00f3 para hacerlo posible. Sin tantos enredos.","potentialAction":[{"@type":"SearchAction","target":{"@type":"EntryPoint","urlTemplate":"https:\/\/goabotanica.com\/?s={search_term_string}"},"query-input":{"@type":"PropertyValueSpecification","valueRequired":true,"valueName":"search_term_string"}}],"inLanguage":"en-US"}]}},"_links":{"self":[{"href":"https:\/\/goabotanica.com\/en\/wp-json\/wp\/v2\/pages\/1120","targetHints":{"allow":["GET"]}}],"collection":[{"href":"https:\/\/goabotanica.com\/en\/wp-json\/wp\/v2\/pages"}],"about":[{"href":"https:\/\/goabotanica.com\/en\/wp-json\/wp\/v2\/types\/page"}],"author":[{"embeddable":true,"href":"https:\/\/goabotanica.com\/en\/wp-json\/wp\/v2\/users\/1"}],"replies":[{"embeddable":true,"href":"https:\/\/goabotanica.com\/en\/wp-json\/wp\/v2\/comments?post=1120"}],"version-history":[{"count":13,"href":"https:\/\/goabotanica.com\/en\/wp-json\/wp\/v2\/pages\/1120\/revisions"}],"predecessor-version":[{"id":1134,"href":"https:\/\/goabotanica.com\/en\/wp-json\/wp\/v2\/pages\/1120\/revisions\/1134"}],"wp:attachment":[{"href":"https:\/\/goabotanica.com\/en\/wp-json\/wp\/v2\/media?parent=1120"}],"curies":[{"name":"wp","href":"https:\/\/api.w.org\/{rel}","templated":true}]}}